{"id":655,"date":"2026-04-02T11:23:20","date_gmt":"2026-04-02T09:23:20","guid":{"rendered":"https:\/\/thieme-compliance.com\/?page_id=655"},"modified":"2026-04-15T14:19:26","modified_gmt":"2026-04-15T12:19:26","slug":"agb","status":"publish","type":"page","link":"https:\/\/thieme-compliance.com\/de\/agb\/","title":{"rendered":"AGB"},"content":{"rendered":"\n<!-- hero-section.php -->\n<section\n    class=\"hero-section hero-section--text-boxed-left\"\n            style=\"\n            background-image: url(https:\/\/thieme-compliance.com\/wp-content\/uploads\/2026\/03\/Buehne_Netzwerk_blau_1380x320.jpg);\n            background-position: left top;\n        \"\n    >\n    <div class=\"container hero-section__container\">\n                                            <img loading=\"lazy\" decoding=\"async\"\n                    class=\"hero-section__image-mobile\"\n                    src=\"https:\/\/thieme-compliance.com\/wp-content\/uploads\/2026\/02\/Group-26945.svg\"\n                    width=\"0\"\n                    height=\"0\"\n                    alt=\"\"\n                    style=\"background-position: left top;\"\n                >\n                            <div class=\"hero-section__text-container\">\n                            <div class=\"preline hero-section__preline\">\n                    Allgemeine Gesch\u00e4ftsbedingungen                <\/div>\n                                        <h1 class=\"headline headline--1 hero-section__headline\">\n                    AGB der Thieme Compliance GmbH                <\/h1>\n                                        <div class=\"hero-section__text\">\n                    Unsere Allgemeinen Gesch\u00e4ftsbedingungen (AGB) definieren die verbindlichen Rahmenbedingungen f\u00fcr die Nutzung unserer Angebote. Informieren Sie sich hier \u00fcber Rechte, Pflichten und grundlegende Regelungen.                <\/div>\n                                        <div class=\"cta-button__container\">\n                                            <a\n                            class=\"\n                                cta-button\n                                cta-button--fill                                hero-section__cta-button\n                                                                    link-icon\n                                                            \"\n                            href=\"https:\/\/thieme-compliance.com\/wp-content\/uploads\/2026\/03\/AGB_Allgemein_ThiemeCompliance.pdf\"\n                            target=\"_blank\"\n                        >\n                            <span class=\"capsize\">Thieme Compliance -AGB<\/span>\n                                                            <img decoding=\"async\"\n                                    class=\"cta-button__icon\"\n                                    src=\"https:\/\/thieme-compliance.com\/wp-content\/uploads\/2026\/01\/icon-download.svg\"\n                                >\n                                                    <\/a>\n                                                                <a\n                            class=\"\n                                cta-button\n                                cta-button--outline                                hero-section__cta-button\n                                                                    link-icon\n                                                            \"\n                            href=\"https:\/\/thieme-compliance.com\/wp-content\/uploads\/2026\/03\/AGB_Online-Portal_E-Consent_Thieme_Compliance.pdf\"\n                            target=\"\"\n                        >\n                            <span class=\"capsize\">E-Consent Online-Portal &#8211; AGB<\/span>\n                                                            <img decoding=\"async\"\n                                    class=\"cta-button__icon\"\n                                    src=\"https:\/\/thieme-compliance.com\/wp-content\/uploads\/2026\/01\/icon-download.svg\"\n                                >\n                                                    <\/a>\n                                    <\/div>\n                    <\/div>\n            <\/div>\n<\/section>\n\n\n\n<!-- faq.php -->\n<section class=\"faq js-accordion section section--semi\">\n    <div class=\"container faq__container\">\n                    <h2 class=\"headline headline--2\">\n                Fragen und Antworten            <\/h2>\n                <div class=\"faq__items\">\n                                                <div class=\"faq__item js-accordion-item\">\n                                                    <div class=\"faq__item-headline js-accordion-headline\">\n                                <span class=\"capsize\">Wo finde ich Informationen zu Datenschutz oder AGB?<\/span>\n                            <\/div>\n                                                                            <div class=\"faq__item-text js-accordion-text\">\n                                <p>Infomationen zum Datenschutz finden Sie <span style=\"text-decoration: underline\"><strong><a href=\"https:\/\/thieme-compliance.com\/de\/datenschutzinfomationen\/\" target=\"_blank\" rel=\"noopener\">hier<\/a><\/strong><\/span>.<\/p>\n<p>Unsere Allgemeinen Gesch\u00e4ftsbedingungen k\u00f6nnen sie hier <a href=\"https:\/\/thieme-compliance.com\/de\/agb\/\" target=\"_blank\" rel=\"noopener\"><span style=\"text-decoration: underline\"><strong>nachlesen<\/strong><\/span><\/a>.<\/p>\n                            <\/div>\n                                            <\/div>\n                                    <div class=\"faq__item js-accordion-item\">\n                                                    <div class=\"faq__item-headline js-accordion-headline\">\n                                <span class=\"capsize\">Wo finde ich technische Dokumente und Anleitungen?<\/span>\n                            <\/div>\n                                                                            <div class=\"faq__item-text js-accordion-text\">\n                                <p>Technische Informationen und Anleitunge sowie Download-Dateien zu unseren digitalen L\u00f6sungen finden Sie im <span style=\"text-decoration: underline\"><strong><a href=\"https:\/\/support.thieme-compliance.de\/de\/Home.htm\">Support-Portal<\/a><\/strong><\/span>.<\/p>\n<p>F\u00fcr weiterf\u00fchrende Fragen kontaktieren Sie gerne unser Support-Team (<span style=\"text-decoration: underline\"><strong><a href=\"mailto:support@thieme-compliance.de\">support@thieme-compliance.de<\/a><\/strong><\/span>)<\/p>\n                            <\/div>\n                                            <\/div>\n                                    <div class=\"faq__item js-accordion-item\">\n                                                    <div class=\"faq__item-headline js-accordion-headline\">\n                                <span class=\"capsize\">Wo finde ich Informationen zu Preisen oder Angeboten?<\/span>\n                            <\/div>\n                                                                            <div class=\"faq__item-text js-accordion-text\">\n                                <p>Preis- und Angebotsanfragen k\u00f6nnen direkt an unseren Vertrieb gerichtet werden. Nutzen Sie daf\u00fcr das entsprechende Kontaktformular auf der <strong><span style=\"text-decoration: underline\"><a href=\"https:\/\/thieme-compliance.com\/de\/?page_id=503\" target=\"_blank\" rel=\"noopener\">Website<\/a><\/span><\/strong>.<\/p>\n                            <\/div>\n                                            <\/div>\n                                    <\/div>\n    <\/div>\n<\/section>\n\n\n\n<!-- image-text.php -->\n<section class=\"image-text section section--light\">\n    <div class=\"container\">\n        <div class=\"image-text__container image-text__container--row\">\n            <div class=\"image-text__text-container\">\n                                                                            <\/div>\n            <div class=\"image-text__image-container image-text__image-container--\">\n                            <\/div>\n        <\/div>\n    <\/div>\n<\/section>\n","protected":false},"excerpt":{"rendered":"","protected":false},"author":8,"featured_media":0,"parent":0,"menu_order":0,"comment_status":"closed","ping_status":"closed","template":"page-landingpage.php","meta":{"_acf_changed":false,"footnotes":""},"class_list":["post-655","page","type-page","status-publish","hentry"],"acf":[],"yoast_head":"<title>AGB - Thieme Compliance<\/title>\n<meta name=\"description\" content=\"Hier finden Sie die Allgmeinen Gesch\u00e4ftsbedingungen der Thieme Compliance GmbH\" \/>\n<meta name=\"robots\" content=\"noindex, follow, max-snippet:-1, max-image-preview:large, max-video-preview:-1\" \/>\n<meta property=\"og:locale\" content=\"de_DE\" \/>\n<meta property=\"og:type\" content=\"article\" \/>\n<meta property=\"og:title\" content=\"AGB - Thieme Compliance\" \/>\n<meta property=\"og:description\" content=\"Hier finden Sie die Allgmeinen Gesch\u00e4ftsbedingungen der Thieme Compliance GmbH\" \/>\n<meta property=\"og:url\" content=\"https:\/\/thieme-compliance.com\/de\/agb\/\" \/>\n<meta property=\"og:site_name\" content=\"Thieme Compliance\" \/>\n<meta property=\"article:publisher\" content=\"https:\/\/www.facebook.com\/thiemecompliance\/\" \/>\n<meta property=\"article:modified_time\" content=\"2026-04-15T12:19:26+00:00\" \/>\n<meta name=\"twitter:card\" content=\"summary_large_image\" \/>\n<meta name=\"twitter:label1\" content=\"Gesch\u00e4tzte Lesezeit\" \/>\n\t<meta name=\"twitter:data1\" content=\"2\u00a0Minuten\" \/>\n<script type=\"application\/ld+json\" class=\"yoast-schema-graph\">{\"@context\":\"https:\\\/\\\/schema.org\",\"@graph\":[{\"@type\":\"WebPage\",\"@id\":\"https:\\\/\\\/thieme-compliance.com\\\/de\\\/agb\\\/\",\"url\":\"https:\\\/\\\/thieme-compliance.com\\\/de\\\/agb\\\/\",\"name\":\"AGB - Thieme Compliance\",\"isPartOf\":{\"@id\":\"https:\\\/\\\/thieme-compliance.com\\\/de\\\/#website\"},\"datePublished\":\"2026-04-02T09:23:20+00:00\",\"dateModified\":\"2026-04-15T12:19:26+00:00\",\"description\":\"Hier finden Sie die Allgmeinen Gesch\u00e4ftsbedingungen der Thieme Compliance GmbH\",\"breadcrumb\":{\"@id\":\"https:\\\/\\\/thieme-compliance.com\\\/de\\\/agb\\\/#breadcrumb\"},\"inLanguage\":\"de\",\"potentialAction\":[{\"@type\":\"ReadAction\",\"target\":[\"https:\\\/\\\/thieme-compliance.com\\\/de\\\/agb\\\/\"]}]},{\"@type\":\"BreadcrumbList\",\"@id\":\"https:\\\/\\\/thieme-compliance.com\\\/de\\\/agb\\\/#breadcrumb\",\"itemListElement\":[{\"@type\":\"ListItem\",\"position\":1,\"name\":\"Thieme Compliance\",\"item\":\"https:\\\/\\\/thieme-compliance.com\\\/de\\\/\"},{\"@type\":\"ListItem\",\"position\":2,\"name\":\"AGB\"}]},{\"@type\":\"WebSite\",\"@id\":\"https:\\\/\\\/thieme-compliance.com\\\/de\\\/#website\",\"url\":\"https:\\\/\\\/thieme-compliance.com\\\/de\\\/\",\"name\":\"Thieme Compliance\",\"description\":\"\",\"publisher\":{\"@id\":\"https:\\\/\\\/thieme-compliance.com\\\/de\\\/#organization\"},\"potentialAction\":[{\"@type\":\"SearchAction\",\"target\":{\"@type\":\"EntryPoint\",\"urlTemplate\":\"https:\\\/\\\/thieme-compliance.com\\\/de\\\/?s={search_term_string}\"},\"query-input\":{\"@type\":\"PropertyValueSpecification\",\"valueRequired\":true,\"valueName\":\"search_term_string\"}}],\"inLanguage\":\"de\"},{\"@type\":\"Organization\",\"@id\":\"https:\\\/\\\/thieme-compliance.com\\\/de\\\/#organization\",\"name\":\"Thieme Compliance\",\"url\":\"https:\\\/\\\/thieme-compliance.com\\\/de\\\/\",\"logo\":{\"@type\":\"ImageObject\",\"inLanguage\":\"de\",\"@id\":\"https:\\\/\\\/thieme-compliance.com\\\/de\\\/#\\\/schema\\\/logo\\\/image\\\/\",\"url\":\"https:\\\/\\\/thieme-compliance.com\\\/wp-content\\\/uploads\\\/2026\\\/01\\\/Logo-Thieme-Compliance.svg\",\"contentUrl\":\"https:\\\/\\\/thieme-compliance.com\\\/wp-content\\\/uploads\\\/2026\\\/01\\\/Logo-Thieme-Compliance.svg\",\"width\":1,\"height\":1,\"caption\":\"Thieme Compliance\"},\"image\":{\"@id\":\"https:\\\/\\\/thieme-compliance.com\\\/de\\\/#\\\/schema\\\/logo\\\/image\\\/\"},\"sameAs\":[\"https:\\\/\\\/www.facebook.com\\\/thiemecompliance\\\/\",\"https:\\\/\\\/www.linkedin.com\\\/company\\\/thieme-_compliance-gmbh\\\/\",\"https:\\\/\\\/www.xing.com\\\/pages\\\/thiemegruppe\",\"https:\\\/\\\/www.youtube.com\\\/user\\\/ThiemeCompliance\"]}]}<\/script>","yoast_head_json":{"title":"AGB - Thieme Compliance","description":"Hier finden Sie die Allgmeinen Gesch\u00e4ftsbedingungen der Thieme Compliance GmbH","robots":{"index":"noindex","follow":"follow","max-snippet":"max-snippet:-1","max-image-preview":"max-image-preview:large","max-video-preview":"max-video-preview:-1"},"og_locale":"de_DE","og_type":"article","og_title":"AGB - Thieme Compliance","og_description":"Hier finden Sie die Allgmeinen Gesch\u00e4ftsbedingungen der Thieme Compliance GmbH","og_url":"https:\/\/thieme-compliance.com\/de\/agb\/","og_site_name":"Thieme Compliance","article_publisher":"https:\/\/www.facebook.com\/thiemecompliance\/","article_modified_time":"2026-04-15T12:19:26+00:00","twitter_card":"summary_large_image","twitter_misc":{"Gesch\u00e4tzte Lesezeit":"2\u00a0Minuten"},"schema":{"@context":"https:\/\/schema.org","@graph":[{"@type":"WebPage","@id":"https:\/\/thieme-compliance.com\/de\/agb\/","url":"https:\/\/thieme-compliance.com\/de\/agb\/","name":"AGB - Thieme Compliance","isPartOf":{"@id":"https:\/\/thieme-compliance.com\/de\/#website"},"datePublished":"2026-04-02T09:23:20+00:00","dateModified":"2026-04-15T12:19:26+00:00","description":"Hier finden Sie die Allgmeinen Gesch\u00e4ftsbedingungen der Thieme Compliance GmbH","breadcrumb":{"@id":"https:\/\/thieme-compliance.com\/de\/agb\/#breadcrumb"},"inLanguage":"de","potentialAction":[{"@type":"ReadAction","target":["https:\/\/thieme-compliance.com\/de\/agb\/"]}]},{"@type":"BreadcrumbList","@id":"https:\/\/thieme-compliance.com\/de\/agb\/#breadcrumb","itemListElement":[{"@type":"ListItem","position":1,"name":"Thieme Compliance","item":"https:\/\/thieme-compliance.com\/de\/"},{"@type":"ListItem","position":2,"name":"AGB"}]},{"@type":"WebSite","@id":"https:\/\/thieme-compliance.com\/de\/#website","url":"https:\/\/thieme-compliance.com\/de\/","name":"Thieme Compliance","description":"","publisher":{"@id":"https:\/\/thieme-compliance.com\/de\/#organization"},"potentialAction":[{"@type":"SearchAction","target":{"@type":"EntryPoint","urlTemplate":"https:\/\/thieme-compliance.com\/de\/?s={search_term_string}"},"query-input":{"@type":"PropertyValueSpecification","valueRequired":true,"valueName":"search_term_string"}}],"inLanguage":"de"},{"@type":"Organization","@id":"https:\/\/thieme-compliance.com\/de\/#organization","name":"Thieme Compliance","url":"https:\/\/thieme-compliance.com\/de\/","logo":{"@type":"ImageObject","inLanguage":"de","@id":"https:\/\/thieme-compliance.com\/de\/#\/schema\/logo\/image\/","url":"https:\/\/thieme-compliance.com\/wp-content\/uploads\/2026\/01\/Logo-Thieme-Compliance.svg","contentUrl":"https:\/\/thieme-compliance.com\/wp-content\/uploads\/2026\/01\/Logo-Thieme-Compliance.svg","width":1,"height":1,"caption":"Thieme Compliance"},"image":{"@id":"https:\/\/thieme-compliance.com\/de\/#\/schema\/logo\/image\/"},"sameAs":["https:\/\/www.facebook.com\/thiemecompliance\/","https:\/\/www.linkedin.com\/company\/thieme-_compliance-gmbh\/","https:\/\/www.xing.com\/pages\/thiemegruppe","https:\/\/www.youtube.com\/user\/ThiemeCompliance"]}]}},"_links":{"self":[{"href":"https:\/\/thieme-compliance.com\/de\/wp-json\/wp\/v2\/pages\/655","targetHints":{"allow":["GET"]}}],"collection":[{"href":"https:\/\/thieme-compliance.com\/de\/wp-json\/wp\/v2\/pages"}],"about":[{"href":"https:\/\/thieme-compliance.com\/de\/wp-json\/wp\/v2\/types\/page"}],"author":[{"embeddable":true,"href":"https:\/\/thieme-compliance.com\/de\/wp-json\/wp\/v2\/users\/8"}],"replies":[{"embeddable":true,"href":"https:\/\/thieme-compliance.com\/de\/wp-json\/wp\/v2\/comments?post=655"}],"version-history":[{"count":9,"href":"https:\/\/thieme-compliance.com\/de\/wp-json\/wp\/v2\/pages\/655\/revisions"}],"predecessor-version":[{"id":1569,"href":"https:\/\/thieme-compliance.com\/de\/wp-json\/wp\/v2\/pages\/655\/revisions\/1569"}],"wp:attachment":[{"href":"https:\/\/thieme-compliance.com\/de\/wp-json\/wp\/v2\/media?parent=655"}],"curies":[{"name":"wp","href":"https:\/\/api.w.org\/{rel}","templated":true}]}}