{"id":1267,"date":"2026-04-02T14:18:01","date_gmt":"2026-04-02T12:18:01","guid":{"rendered":"https:\/\/thieme-compliance.com\/?page_id=1267"},"modified":"2026-04-21T15:30:32","modified_gmt":"2026-04-21T13:30:32","slug":"e-consentpro-documents-aktion","status":"publish","type":"page","link":"https:\/\/thieme-compliance.com\/de\/e-consentpro-documents-aktion\/","title":{"rendered":"E-ConsentPro documents &#8211; Jetzt kennenlernen"},"content":{"rendered":"\n<!-- hero-section.php -->\n<section\n    class=\"hero-section hero-section--video\"\n    >\n    <div class=\"container hero-section__container\">\n                    <div class=\"hero-section__video-container video-player\">\n                                    <div class=\"hero-section__video-container-inner video-player__container\">\n                        <iframe\n                            class=\"video-section__video video-player__video\"\n                            referrerpolicy=\"strict-origin\"\n                            allowfullscreen\n                            src=\"https:\/\/start.video-stream-hosting.de\/player.html?serverapp=tvg-vod&#038;streamname=opn\/thieme-compliance\/mediathek\/Matrix-Patientenaufnahme_1920x1080_UT_Musik_KV.smil&#038;bgimage=https:\/\/thieme-compliance.com\/wp-content\/uploads\/2026\/04\/Screenshot-2025-01-23-095629.png&#038;bgcolor=f6f8fc&#038;playbuttoncolor=013476\"\n                            style=\"aspect-ratio: 16\/9\"\n                        ><\/iframe>\n                    <\/div>\n                            <\/div>\n                        <div class=\"hero-section__text-container\">\n                            <div class=\"preline hero-section__preline\">\n                    E-ConsentPro documents                <\/div>\n                                        <h1 class=\"headline headline--1 hero-section__headline\">\n                    Tsch\u00fcss Klemmbrett. Hallo digitale Aufnahme!                <\/h1>\n                                        <div class=\"hero-section__text\">\n                    Patient*innen m\u00fcssen bereits bei der Aufnahme zahlreiche Dokumente wie Datenschutzerkl\u00e4rungen oder Wahlleistungsvereinbarungen ausf\u00fcllen und unterschreiben.                <\/div>\n                                        <div class=\"cta-button__container\">\n                                            <a\n                            class=\"\n                                cta-button\n                                cta-button--fill                                hero-section__cta-button\n                                                            \"\n                            href=\"https:\/\/thieme-compliance.de\/de\/kontakt\"\n                            target=\"_blank\"\n                        >\n                            <span class=\"capsize\">Jetzt Kontakt aufnehmen<\/span>\n                                                    <\/a>\n                                                                <a\n                            class=\"\n                                cta-button\n                                cta-button--ghost                                hero-section__cta-button\n                                                                    link-icon\n                                                            \"\n                            href=\"https:\/\/thieme-compliance.de\/de\/ueber-uns\/referenzen\"\n                            target=\"_blank\"\n                        >\n                            <span class=\"capsize\">Anwenderbericht lesen<\/span>\n                                                            <img decoding=\"async\"\n                                    class=\"cta-button__icon\"\n                                    src=\"https:\/\/thieme-compliance.com\/wp-content\/uploads\/2026\/01\/icon-arrow-right.svg\"\n                                >\n                                                    <\/a>\n                                    <\/div>\n                    <\/div>\n            <\/div>\n<\/section>\n\n\n\n<!-- leading.php -->\n<section class=\"leading section section--l section--semi\">\n    <div class=\"container container--narrow leading__container\">\n                    <h2 class=\"headline headline--2 leading__headline\">\n                Mehr Transparenz und Sicherheit, keine Doppelerfassungen, reduzierter personeller Aufwand!            <\/h2>\n                            <p class=\"leading__text\">\n                Durch vollst\u00e4ndig digitale Workflows lassen sich dieser und andere Abl\u00e4ufe im Einwilligungsmanagement deutlich verschlanken. Werden die notwendigen Daten bereits digital erfasst, k\u00f6nnen sie strukturiert verarbeitet und allen Beteiligten sofort zur Verf\u00fcgung gestellt werden.            <\/p>\n            <\/div>\n<\/section>\n\n\n\n<!-- image-text.php -->\n<section class=\"image-text section section--light\">\n    <div class=\"container\">\n        <div class=\"image-text__container image-text__container--row\">\n            <div class=\"image-text__text-container\">\n                                    <h2 class=\"headline headline--2 image-text__headline\">\n                         Auf einen Blick                    <\/h2>\n                                                                    <ul class=\"image-text__list\">\n                                                    <li class=\"image-text__list-item\">\n                                <div class=\"list-item\">Integrieren und Editieren eigener Dokumente, z.B. Datenschutz- oder Zusatzvereinbarungen<\/div>\n                            <\/li>\n                                                    <li class=\"image-text__list-item\">\n                                <div class=\"list-item\">Digitale Bearbeitung, elektronische Unterschrift und sichere Archivierung<\/div>\n                            <\/li>\n                                                    <li class=\"image-text__list-item\">\n                                <div class=\"list-item\">Effizienz, Sicherheit &#038; Transparenz durch strukturierte Datenein- und Datenausleitung<\/div>\n                            <\/li>\n                                                    <li class=\"image-text__list-item\">\n                                <div class=\"list-item\">Datenschutzkonform: Verschl\u00fcsselter E-Mailversand unterzeichneter Dokumente an Patient*innen m\u00f6glich<\/div>\n                            <\/li>\n                                                    <li class=\"image-text__list-item\">\n                                <div class=\"list-item\">Flexibilit\u00e4t: Mobil oder station\u00e4r einsetzbar<\/div>\n                            <\/li>\n                                            <\/ul>\n                                            <\/div>\n            <div class=\"image-text__image-container image-text__image-container--\">\n                                    <img loading=\"lazy\" decoding=\"async\"\n                        class=\"image-text__image\" style=\"object-position: left top;\"\n                        src=\"https:\/\/thieme-compliance.com\/wp-content\/uploads\/2026\/04\/533059082.jpg\"\n                        width=\"1200\"\n                        height=\"900\"\n                        alt=\"\"\n                    >\n                            <\/div>\n        <\/div>\n    <\/div>\n<\/section>\n\n\n\n<!-- cta-section.php -->\n<section class=\"cta-section section section--semi\">\n    <div class=\"container cta-section__container\">\n        <div class=\"cta-section__inner-container teaser-card teaser-card--large teaser-card--horizontal teaser-card--std\">\n                            <div class=\"teaser-card__image-container teaser-card__image-container--grafic-aside\">\n                    <img loading=\"lazy\" decoding=\"async\"\n                        class=\"teaser-card__image teaser-card__image--grafic cta-section__image\"\n                        src=\"https:\/\/thieme-compliance.com\/wp-content\/uploads\/2026\/04\/DMEA_Claim_25O2Y5_1080x1080.jpg\"\n                        width=\"1080\"\n                        height=\"1080\"\n                        alt=\"\"\n                        style=\"object-position: left top;\"\n                    >\n                <\/div>\n                        <div class=\"cta-section__text-container\">\n                                    <h2 class=\"headline headline--2 cta-section__headline\">\n                        Digitale Aufnahme auf der DMEA 2026 live kennenlernen!                    <\/h2>\n                                                    <div class=\"cta-section__text\">\n                        <p>M\u00f6chten Sie mehr \u00fcber E-ConsentPro documents und die digitale Patientenaufnahme sowie das Einwilligungsmanagement erfahren? Sichern Sie sich einen exklusiven Beratungstermin auf der DMEA in Berlin<\/p>\n                    <\/div>\n                                                    <div class=\"cta-section__buttons\">\n                                                    <a\n                                class=\"\n                                    cta-button\n                                    cta-button--fill                                    cta-section__button\n                                                                    \"\n                                href=\"https:\/\/outlook.office.com\/book\/TerminbuchungDMEA2026@thieme.onmicrosoft.com\/?ismsaljsauthenabled=true\"\n                                target=\"_blank\"\n                            >\n                                <span class=\"capsize\">Jetzt Beratungstermin buchen<\/span>\n                                                            <\/a>\n                                                                    <\/div>\n                            <\/div>\n        <\/div>\n            <\/div>\n<\/section>\n","protected":false},"excerpt":{"rendered":"","protected":false},"author":8,"featured_media":0,"parent":0,"menu_order":0,"comment_status":"closed","ping_status":"closed","template":"page-landingpage.php","meta":{"_acf_changed":false,"footnotes":""},"class_list":["post-1267","page","type-page","status-publish","hentry"],"acf":[],"yoast_head":"<title>E\u2011ConsentPro documents | Digitale Aufnahme<\/title>\n<meta name=\"description\" content=\"Entdecken Sie E\u2011ConsentPro documents: digitale Aufnahme f\u00fcr effiziente Prozesse im Klinik\u2011 und Praxisalltag.\" \/>\n<meta name=\"robots\" content=\"noindex, follow, max-snippet:-1, max-image-preview:large, max-video-preview:-1\" \/>\n<meta property=\"og:locale\" content=\"de_DE\" \/>\n<meta property=\"og:type\" content=\"article\" \/>\n<meta property=\"og:title\" content=\"E\u2011ConsentPro documents | Digitale Aufnahme\" \/>\n<meta property=\"og:description\" content=\"Entdecken Sie E\u2011ConsentPro documents: digitale Aufnahme f\u00fcr effiziente Prozesse im Klinik\u2011 und Praxisalltag.\" \/>\n<meta property=\"og:url\" content=\"https:\/\/thieme-compliance.com\/de\/e-consentpro-documents-aktion\/\" \/>\n<meta property=\"og:site_name\" content=\"Thieme Compliance\" \/>\n<meta property=\"article:publisher\" content=\"https:\/\/www.facebook.com\/thiemecompliance\/\" \/>\n<meta property=\"article:modified_time\" content=\"2026-04-21T13:30:32+00:00\" \/>\n<meta name=\"twitter:card\" content=\"summary_large_image\" \/>\n<meta name=\"twitter:label1\" content=\"Gesch\u00e4tzte Lesezeit\" \/>\n\t<meta name=\"twitter:data1\" content=\"2\u00a0Minuten\" \/>\n<script type=\"application\/ld+json\" class=\"yoast-schema-graph\">{\"@context\":\"https:\\\/\\\/schema.org\",\"@graph\":[{\"@type\":\"WebPage\",\"@id\":\"https:\\\/\\\/thieme-compliance.com\\\/de\\\/e-consentpro-documents-aktion\\\/\",\"url\":\"https:\\\/\\\/thieme-compliance.com\\\/de\\\/e-consentpro-documents-aktion\\\/\",\"name\":\"E\u2011ConsentPro documents | Digitale Aufnahme\",\"isPartOf\":{\"@id\":\"https:\\\/\\\/thieme-compliance.com\\\/de\\\/#website\"},\"datePublished\":\"2026-04-02T12:18:01+00:00\",\"dateModified\":\"2026-04-21T13:30:32+00:00\",\"description\":\"Entdecken Sie E\u2011ConsentPro documents: digitale Aufnahme f\u00fcr effiziente Prozesse im Klinik\u2011 und Praxisalltag.\",\"breadcrumb\":{\"@id\":\"https:\\\/\\\/thieme-compliance.com\\\/de\\\/e-consentpro-documents-aktion\\\/#breadcrumb\"},\"inLanguage\":\"de\",\"potentialAction\":[{\"@type\":\"ReadAction\",\"target\":[\"https:\\\/\\\/thieme-compliance.com\\\/de\\\/e-consentpro-documents-aktion\\\/\"]}]},{\"@type\":\"BreadcrumbList\",\"@id\":\"https:\\\/\\\/thieme-compliance.com\\\/de\\\/e-consentpro-documents-aktion\\\/#breadcrumb\",\"itemListElement\":[{\"@type\":\"ListItem\",\"position\":1,\"name\":\"Thieme Compliance\",\"item\":\"https:\\\/\\\/thieme-compliance.com\\\/de\\\/\"},{\"@type\":\"ListItem\",\"position\":2,\"name\":\"E-ConsentPro documents &#8211; Jetzt kennenlernen\"}]},{\"@type\":\"WebSite\",\"@id\":\"https:\\\/\\\/thieme-compliance.com\\\/de\\\/#website\",\"url\":\"https:\\\/\\\/thieme-compliance.com\\\/de\\\/\",\"name\":\"Thieme Compliance\",\"description\":\"\",\"publisher\":{\"@id\":\"https:\\\/\\\/thieme-compliance.com\\\/de\\\/#organization\"},\"potentialAction\":[{\"@type\":\"SearchAction\",\"target\":{\"@type\":\"EntryPoint\",\"urlTemplate\":\"https:\\\/\\\/thieme-compliance.com\\\/de\\\/?s={search_term_string}\"},\"query-input\":{\"@type\":\"PropertyValueSpecification\",\"valueRequired\":true,\"valueName\":\"search_term_string\"}}],\"inLanguage\":\"de\"},{\"@type\":\"Organization\",\"@id\":\"https:\\\/\\\/thieme-compliance.com\\\/de\\\/#organization\",\"name\":\"Thieme Compliance\",\"url\":\"https:\\\/\\\/thieme-compliance.com\\\/de\\\/\",\"logo\":{\"@type\":\"ImageObject\",\"inLanguage\":\"de\",\"@id\":\"https:\\\/\\\/thieme-compliance.com\\\/de\\\/#\\\/schema\\\/logo\\\/image\\\/\",\"url\":\"https:\\\/\\\/thieme-compliance.com\\\/wp-content\\\/uploads\\\/2026\\\/01\\\/Logo-Thieme-Compliance.svg\",\"contentUrl\":\"https:\\\/\\\/thieme-compliance.com\\\/wp-content\\\/uploads\\\/2026\\\/01\\\/Logo-Thieme-Compliance.svg\",\"width\":1,\"height\":1,\"caption\":\"Thieme Compliance\"},\"image\":{\"@id\":\"https:\\\/\\\/thieme-compliance.com\\\/de\\\/#\\\/schema\\\/logo\\\/image\\\/\"},\"sameAs\":[\"https:\\\/\\\/www.facebook.com\\\/thiemecompliance\\\/\",\"https:\\\/\\\/www.linkedin.com\\\/company\\\/thieme-_compliance-gmbh\\\/\",\"https:\\\/\\\/www.xing.com\\\/pages\\\/thiemegruppe\",\"https:\\\/\\\/www.youtube.com\\\/user\\\/ThiemeCompliance\"]}]}<\/script>","yoast_head_json":{"title":"E\u2011ConsentPro documents | Digitale Aufnahme","description":"Entdecken Sie E\u2011ConsentPro documents: digitale Aufnahme f\u00fcr effiziente Prozesse im Klinik\u2011 und Praxisalltag.","robots":{"index":"noindex","follow":"follow","max-snippet":"max-snippet:-1","max-image-preview":"max-image-preview:large","max-video-preview":"max-video-preview:-1"},"og_locale":"de_DE","og_type":"article","og_title":"E\u2011ConsentPro documents | Digitale Aufnahme","og_description":"Entdecken Sie E\u2011ConsentPro documents: digitale Aufnahme f\u00fcr effiziente Prozesse im Klinik\u2011 und Praxisalltag.","og_url":"https:\/\/thieme-compliance.com\/de\/e-consentpro-documents-aktion\/","og_site_name":"Thieme Compliance","article_publisher":"https:\/\/www.facebook.com\/thiemecompliance\/","article_modified_time":"2026-04-21T13:30:32+00:00","twitter_card":"summary_large_image","twitter_misc":{"Gesch\u00e4tzte Lesezeit":"2\u00a0Minuten"},"schema":{"@context":"https:\/\/schema.org","@graph":[{"@type":"WebPage","@id":"https:\/\/thieme-compliance.com\/de\/e-consentpro-documents-aktion\/","url":"https:\/\/thieme-compliance.com\/de\/e-consentpro-documents-aktion\/","name":"E\u2011ConsentPro documents | Digitale Aufnahme","isPartOf":{"@id":"https:\/\/thieme-compliance.com\/de\/#website"},"datePublished":"2026-04-02T12:18:01+00:00","dateModified":"2026-04-21T13:30:32+00:00","description":"Entdecken Sie E\u2011ConsentPro documents: digitale Aufnahme f\u00fcr effiziente Prozesse im Klinik\u2011 und Praxisalltag.","breadcrumb":{"@id":"https:\/\/thieme-compliance.com\/de\/e-consentpro-documents-aktion\/#breadcrumb"},"inLanguage":"de","potentialAction":[{"@type":"ReadAction","target":["https:\/\/thieme-compliance.com\/de\/e-consentpro-documents-aktion\/"]}]},{"@type":"BreadcrumbList","@id":"https:\/\/thieme-compliance.com\/de\/e-consentpro-documents-aktion\/#breadcrumb","itemListElement":[{"@type":"ListItem","position":1,"name":"Thieme Compliance","item":"https:\/\/thieme-compliance.com\/de\/"},{"@type":"ListItem","position":2,"name":"E-ConsentPro documents &#8211; Jetzt kennenlernen"}]},{"@type":"WebSite","@id":"https:\/\/thieme-compliance.com\/de\/#website","url":"https:\/\/thieme-compliance.com\/de\/","name":"Thieme Compliance","description":"","publisher":{"@id":"https:\/\/thieme-compliance.com\/de\/#organization"},"potentialAction":[{"@type":"SearchAction","target":{"@type":"EntryPoint","urlTemplate":"https:\/\/thieme-compliance.com\/de\/?s={search_term_string}"},"query-input":{"@type":"PropertyValueSpecification","valueRequired":true,"valueName":"search_term_string"}}],"inLanguage":"de"},{"@type":"Organization","@id":"https:\/\/thieme-compliance.com\/de\/#organization","name":"Thieme Compliance","url":"https:\/\/thieme-compliance.com\/de\/","logo":{"@type":"ImageObject","inLanguage":"de","@id":"https:\/\/thieme-compliance.com\/de\/#\/schema\/logo\/image\/","url":"https:\/\/thieme-compliance.com\/wp-content\/uploads\/2026\/01\/Logo-Thieme-Compliance.svg","contentUrl":"https:\/\/thieme-compliance.com\/wp-content\/uploads\/2026\/01\/Logo-Thieme-Compliance.svg","width":1,"height":1,"caption":"Thieme Compliance"},"image":{"@id":"https:\/\/thieme-compliance.com\/de\/#\/schema\/logo\/image\/"},"sameAs":["https:\/\/www.facebook.com\/thiemecompliance\/","https:\/\/www.linkedin.com\/company\/thieme-_compliance-gmbh\/","https:\/\/www.xing.com\/pages\/thiemegruppe","https:\/\/www.youtube.com\/user\/ThiemeCompliance"]}]}},"_links":{"self":[{"href":"https:\/\/thieme-compliance.com\/de\/wp-json\/wp\/v2\/pages\/1267","targetHints":{"allow":["GET"]}}],"collection":[{"href":"https:\/\/thieme-compliance.com\/de\/wp-json\/wp\/v2\/pages"}],"about":[{"href":"https:\/\/thieme-compliance.com\/de\/wp-json\/wp\/v2\/types\/page"}],"author":[{"embeddable":true,"href":"https:\/\/thieme-compliance.com\/de\/wp-json\/wp\/v2\/users\/8"}],"replies":[{"embeddable":true,"href":"https:\/\/thieme-compliance.com\/de\/wp-json\/wp\/v2\/comments?post=1267"}],"version-history":[{"count":7,"href":"https:\/\/thieme-compliance.com\/de\/wp-json\/wp\/v2\/pages\/1267\/revisions"}],"predecessor-version":[{"id":1560,"href":"https:\/\/thieme-compliance.com\/de\/wp-json\/wp\/v2\/pages\/1267\/revisions\/1560"}],"wp:attachment":[{"href":"https:\/\/thieme-compliance.com\/de\/wp-json\/wp\/v2\/media?parent=1267"}],"curies":[{"name":"wp","href":"https:\/\/api.w.org\/{rel}","templated":true}]}}