{"id":1056,"date":"2026-04-02T11:24:39","date_gmt":"2026-04-02T09:24:39","guid":{"rendered":"https:\/\/thieme-compliance.com\/?page_id=1056"},"modified":"2026-04-15T14:18:02","modified_gmt":"2026-04-15T12:18:02","slug":"datenschutzinfomationen","status":"publish","type":"page","link":"https:\/\/thieme-compliance.com\/de\/datenschutzinfomationen\/","title":{"rendered":"Datenschutzinfomationen"},"content":{"rendered":"\n<!-- hero-section.php -->\n<section\n    class=\"hero-section hero-section--text-boxed-left\"\n            style=\"\n            background-image: url(https:\/\/thieme-compliance.com\/wp-content\/uploads\/2026\/02\/Group-26945.svg);\n            background-position: left top;\n        \"\n    >\n    <div class=\"container hero-section__container\">\n                                            <img loading=\"lazy\" decoding=\"async\"\n                    class=\"hero-section__image-mobile\"\n                    src=\"https:\/\/thieme-compliance.com\/wp-content\/uploads\/2026\/02\/Group-26945.svg\"\n                    width=\"0\"\n                    height=\"0\"\n                    alt=\"\"\n                    style=\"background-position: left top;\"\n                >\n                            <div class=\"hero-section__text-container\">\n                            <div class=\"preline hero-section__preline\">\n                    Thieme Compliance Datenschutzinformationen                 <\/div>\n                                        <h1 class=\"headline headline--1 hero-section__headline\">\n                    Das Wichtigste zum Datenschutz auf einen Blick                <\/h1>\n                                        <div class=\"hero-section__text\">\n                    Unsere Datenschutzinformationen erl\u00e4utern, welche personenbezogenen Daten wir erheben, wie wir sie verwenden und welche Rechte Sie nach DSGVO haben. Die Hinweise werden regelm\u00e4\u00dfig aktualisiert. F\u00fcr Fragen stehen die genannten Ansprechpartner zur Verf\u00fcgung.                <\/div>\n                                        <div class=\"cta-button__container\">\n                                            <a\n                            class=\"\n                                cta-button\n                                cta-button--fill                                hero-section__cta-button\n                                                                    link-icon\n                                                            \"\n                            href=\"https:\/\/thieme-compliance.com\/wp-content\/uploads\/2026\/03\/Datenschutzinformationen_Thieme_Compliance.pdf\"\n                            target=\"_blank\"\n                        >\n                            <span class=\"capsize\">Hier herunterladen<\/span>\n                                                            <img decoding=\"async\"\n                                    class=\"cta-button__icon\"\n                                    src=\"https:\/\/thieme-compliance.com\/wp-content\/uploads\/2026\/01\/icon-download.svg\"\n                                >\n                                                    <\/a>\n                                                        <\/div>\n                    <\/div>\n            <\/div>\n<\/section>\n\n\n\n<!-- service-section.php -->\n<section class=\"service-section section section--semi\">\n    <div class=\"container service-section__container\">\n                    <h2 class=\"headline headline--2 service-section__headline\">\n                Kontakt f\u00fcr weiterf\u00fchrende Anliegen zum Datenschutz            <\/h2>\n                            <div class=\"service-section__items\">\n                                    <div class=\"service-section__item\">\n                                                                            <h3 class=\"headline headline--4 service-section__item-headline\">\n                                Der Verantwortliche                            <\/h3>\n                                                                            <p class=\"service-section__item-text\">\n                                Thieme Compliance GmbH<br \/>\r\nAm Weichselgarten 30a<br \/>\r\n91058 Erlangen<br \/>\r\nTelefon: +49 9131 93406-40<br \/>\r\nE-Mail: info@thieme-compliance.de                            <\/p>\n                                                                    <\/div>\n                                    <div class=\"service-section__item\">\n                                                                            <h3 class=\"headline headline--4 service-section__item-headline\">\n                                Der zust\u00e4ndige Datenschutzbeauftragte                            <\/h3>\n                                                                            <p class=\"service-section__item-text\">\n                                DataCo GmbH <br \/>\r\nSandstrasse 33<br \/>\r\n80335 M\u00fcnchen<br \/>\r\nTelefon: +49 89 452459 900 <br \/>\r\nE-Mail: info@consulting.dataguard.de                            <\/p>\n                                                                    <\/div>\n                                    <div class=\"service-section__item\">\n                                                                            <h3 class=\"headline headline--4 service-section__item-headline\">\n                                Die zust\u00e4ndige Aufsichtsbeh\u00f6rde                            <\/h3>\n                                                                            <p class=\"service-section__item-text\">\n                                Bayerisches Landesamt f\u00fcr Datenschutzaufsicht (BayLDA)<br \/>\r\nPostanschrift: Promenade 18, 91522 Ansbach<br \/>\r\nTelefon: 49 981 180093-0<br \/>\r\nE-Mail: poststelle@lda.bayern.de.<br \/>\r\n                            <\/p>\n                                                                    <\/div>\n                            <\/div>\n            <\/div>\n<\/section>\n\n\n\n<!-- faq.php -->\n<section class=\"faq js-accordion section section--light\">\n    <div class=\"container faq__container\">\n                    <h2 class=\"headline headline--2\">\n                Fragen und Antworten            <\/h2>\n                <div class=\"faq__items\">\n                                                <div class=\"faq__item js-accordion-item\">\n                                                    <div class=\"faq__item-headline js-accordion-headline\">\n                                <span class=\"capsize\">Wo finde ich Informationen zu Datenschutz oder AGB?<\/span>\n                            <\/div>\n                                                                            <div class=\"faq__item-text js-accordion-text\">\n                                <p>Infomationen zum Datenschutz finden Sie <span style=\"text-decoration: underline\"><strong><a href=\"https:\/\/thieme-compliance.com\/de\/datenschutzinfomationen\/\" target=\"_blank\" rel=\"noopener\">hier<\/a><\/strong><\/span>.<\/p>\n<p>Unsere Allgemeinen Gesch\u00e4ftsbedingungen k\u00f6nnen sie hier <a href=\"https:\/\/thieme-compliance.com\/de\/agb\/\" target=\"_blank\" rel=\"noopener\"><span style=\"text-decoration: underline\"><strong>nachlesen<\/strong><\/span><\/a>.<\/p>\n                            <\/div>\n                                            <\/div>\n                                    <div class=\"faq__item js-accordion-item\">\n                                                    <div class=\"faq__item-headline js-accordion-headline\">\n                                <span class=\"capsize\">An wen wende ich mich bei technischen Fragen oder Problemen?<\/span>\n                            <\/div>\n                                                                            <div class=\"faq__item-text js-accordion-text\">\n                                <p>F\u00fcr technische Fragen rund um E\u2011ConsentPro oder andere Softwarel\u00f6sungen steht Ihnen unser Support-Team zur Verf\u00fcgung.<\/p>\n<p>Montag\u2013Donnerstag: 08:00\u201316:30 Uhr<br \/>\nFreitag: 08:00\u201315:00 Uhr<\/p>\n<p style=\"text-align: left\">Telefon: +49 9131 93406\u201140<br \/>\nFax: +49 9131 93406\u201174<br \/>\nE\u2011Mail: support@thieme-compliance.de<\/p>\n<p style=\"text-align: left\">Weiterf\u00fchrende Anleitungen, Hilfestellungen sowie Download\u2011Dateien zu E\u2011ConsentPro finden Sie auch in unserem <span style=\"text-decoration: underline\"><strong><a href=\"https:\/\/support.thieme-compliance.de\/de\/Home.htm\" target=\"_blank\" rel=\"noopener\">Supportportal<\/a><\/strong><\/span><\/p>\n                            <\/div>\n                                            <\/div>\n                                    <div class=\"faq__item js-accordion-item\">\n                                                    <div class=\"faq__item-headline js-accordion-headline\">\n                                <span class=\"capsize\">Wo kann ich Aufkl\u00e4rungsb\u00f6gen von Thieme Compliance bestellen?<\/span>\n                            <\/div>\n                                                                            <div class=\"faq__item-text js-accordion-text\">\n                                <p>Aufkl\u00e4rungs\u2011 und Anamneseb\u00f6gen k\u00f6nnen Sie direkt \u00fcber den <strong><span style=\"text-decoration: underline\"><a href=\"https:\/\/www.thieme-compliance.de\/de\/shop\/Artikel\/Aufkl%C3%A4rungsb%C3%B6gen\/c\/00000\" target=\"_blank\" rel=\"noopener\">Webshop von Thieme Compliance<\/a><\/span><\/strong> bestellen.<br \/>\nDort steht Ihnen das vollst\u00e4ndige Sortiment mit \u00fcber 2.000 Aufkl\u00e4rungsb\u00f6gen aus mehr als 30 Fachgebieten in verschiedenen Sprachversionen zur Verf\u00fcgung.<\/p>\n<p>Bei Fragen zu Bestellung k\u00f6nnen Sie sich gerne an unsere Kolleg*innen vom Service-team wenden unter <a href=\"mailto:bestellung@thieme-compliance.de\">bestellung@thieme-compliance.de.<\/a><\/p>\n                            <\/div>\n                                            <\/div>\n                                    <div class=\"faq__item js-accordion-item\">\n                                                    <div class=\"faq__item-headline js-accordion-headline\">\n                                <span class=\"capsize\">Wo finde ich Informationen zu Preisen oder Angeboten?<\/span>\n                            <\/div>\n                                                                            <div class=\"faq__item-text js-accordion-text\">\n                                <p>Preis- und Angebotsanfragen k\u00f6nnen direkt an unseren Vertrieb gerichtet werden. Nutzen Sie daf\u00fcr das entsprechende Kontaktformular auf der <strong><span style=\"text-decoration: underline\"><a href=\"https:\/\/thieme-compliance.com\/de\/?page_id=503\" target=\"_blank\" rel=\"noopener\">Website<\/a><\/span><\/strong>.<\/p>\n                            <\/div>\n                                            <\/div>\n                                    <\/div>\n    <\/div>\n<\/section>\n","protected":false},"excerpt":{"rendered":"","protected":false},"author":8,"featured_media":0,"parent":0,"menu_order":0,"comment_status":"closed","ping_status":"closed","template":"page-landingpage.php","meta":{"_acf_changed":false,"footnotes":""},"class_list":["post-1056","page","type-page","status-publish","hentry"],"acf":[],"yoast_head":"<title>Datenschutzinfomationen - Thieme Compliance<\/title>\n<meta name=\"description\" content=\"Hier finden Sie die Datenschutzinformationen der Thieme Compliance GmbH\" \/>\n<meta name=\"robots\" content=\"noindex, follow, max-snippet:-1, max-image-preview:large, max-video-preview:-1\" \/>\n<meta property=\"og:locale\" content=\"de_DE\" \/>\n<meta property=\"og:type\" content=\"article\" \/>\n<meta property=\"og:title\" content=\"Datenschutzinfomationen - Thieme Compliance\" \/>\n<meta property=\"og:description\" content=\"Hier finden Sie die Datenschutzinformationen der Thieme Compliance GmbH\" \/>\n<meta property=\"og:url\" content=\"https:\/\/thieme-compliance.com\/de\/datenschutzinfomationen\/\" \/>\n<meta property=\"og:site_name\" content=\"Thieme Compliance\" \/>\n<meta property=\"article:publisher\" content=\"https:\/\/www.facebook.com\/thiemecompliance\/\" \/>\n<meta property=\"article:modified_time\" content=\"2026-04-15T12:18:02+00:00\" \/>\n<meta name=\"twitter:card\" content=\"summary_large_image\" \/>\n<meta name=\"twitter:label1\" content=\"Gesch\u00e4tzte Lesezeit\" \/>\n\t<meta name=\"twitter:data1\" content=\"2\u00a0Minuten\" \/>\n<script type=\"application\/ld+json\" class=\"yoast-schema-graph\">{\"@context\":\"https:\\\/\\\/schema.org\",\"@graph\":[{\"@type\":\"WebPage\",\"@id\":\"https:\\\/\\\/thieme-compliance.com\\\/de\\\/datenschutzinfomationen\\\/\",\"url\":\"https:\\\/\\\/thieme-compliance.com\\\/de\\\/datenschutzinfomationen\\\/\",\"name\":\"Datenschutzinfomationen - Thieme Compliance\",\"isPartOf\":{\"@id\":\"https:\\\/\\\/thieme-compliance.com\\\/de\\\/#website\"},\"datePublished\":\"2026-04-02T09:24:39+00:00\",\"dateModified\":\"2026-04-15T12:18:02+00:00\",\"description\":\"Hier finden Sie die Datenschutzinformationen der Thieme Compliance GmbH\",\"breadcrumb\":{\"@id\":\"https:\\\/\\\/thieme-compliance.com\\\/de\\\/datenschutzinfomationen\\\/#breadcrumb\"},\"inLanguage\":\"de\",\"potentialAction\":[{\"@type\":\"ReadAction\",\"target\":[\"https:\\\/\\\/thieme-compliance.com\\\/de\\\/datenschutzinfomationen\\\/\"]}]},{\"@type\":\"BreadcrumbList\",\"@id\":\"https:\\\/\\\/thieme-compliance.com\\\/de\\\/datenschutzinfomationen\\\/#breadcrumb\",\"itemListElement\":[{\"@type\":\"ListItem\",\"position\":1,\"name\":\"Thieme Compliance\",\"item\":\"https:\\\/\\\/thieme-compliance.com\\\/de\\\/\"},{\"@type\":\"ListItem\",\"position\":2,\"name\":\"Datenschutzinfomationen\"}]},{\"@type\":\"WebSite\",\"@id\":\"https:\\\/\\\/thieme-compliance.com\\\/de\\\/#website\",\"url\":\"https:\\\/\\\/thieme-compliance.com\\\/de\\\/\",\"name\":\"Thieme Compliance\",\"description\":\"\",\"publisher\":{\"@id\":\"https:\\\/\\\/thieme-compliance.com\\\/de\\\/#organization\"},\"potentialAction\":[{\"@type\":\"SearchAction\",\"target\":{\"@type\":\"EntryPoint\",\"urlTemplate\":\"https:\\\/\\\/thieme-compliance.com\\\/de\\\/?s={search_term_string}\"},\"query-input\":{\"@type\":\"PropertyValueSpecification\",\"valueRequired\":true,\"valueName\":\"search_term_string\"}}],\"inLanguage\":\"de\"},{\"@type\":\"Organization\",\"@id\":\"https:\\\/\\\/thieme-compliance.com\\\/de\\\/#organization\",\"name\":\"Thieme Compliance\",\"url\":\"https:\\\/\\\/thieme-compliance.com\\\/de\\\/\",\"logo\":{\"@type\":\"ImageObject\",\"inLanguage\":\"de\",\"@id\":\"https:\\\/\\\/thieme-compliance.com\\\/de\\\/#\\\/schema\\\/logo\\\/image\\\/\",\"url\":\"https:\\\/\\\/thieme-compliance.com\\\/wp-content\\\/uploads\\\/2026\\\/01\\\/Logo-Thieme-Compliance.svg\",\"contentUrl\":\"https:\\\/\\\/thieme-compliance.com\\\/wp-content\\\/uploads\\\/2026\\\/01\\\/Logo-Thieme-Compliance.svg\",\"width\":1,\"height\":1,\"caption\":\"Thieme Compliance\"},\"image\":{\"@id\":\"https:\\\/\\\/thieme-compliance.com\\\/de\\\/#\\\/schema\\\/logo\\\/image\\\/\"},\"sameAs\":[\"https:\\\/\\\/www.facebook.com\\\/thiemecompliance\\\/\",\"https:\\\/\\\/www.linkedin.com\\\/company\\\/thieme-_compliance-gmbh\\\/\",\"https:\\\/\\\/www.xing.com\\\/pages\\\/thiemegruppe\",\"https:\\\/\\\/www.youtube.com\\\/user\\\/ThiemeCompliance\"]}]}<\/script>","yoast_head_json":{"title":"Datenschutzinfomationen - Thieme Compliance","description":"Hier finden Sie die Datenschutzinformationen der Thieme Compliance GmbH","robots":{"index":"noindex","follow":"follow","max-snippet":"max-snippet:-1","max-image-preview":"max-image-preview:large","max-video-preview":"max-video-preview:-1"},"og_locale":"de_DE","og_type":"article","og_title":"Datenschutzinfomationen - Thieme Compliance","og_description":"Hier finden Sie die Datenschutzinformationen der Thieme Compliance GmbH","og_url":"https:\/\/thieme-compliance.com\/de\/datenschutzinfomationen\/","og_site_name":"Thieme Compliance","article_publisher":"https:\/\/www.facebook.com\/thiemecompliance\/","article_modified_time":"2026-04-15T12:18:02+00:00","twitter_card":"summary_large_image","twitter_misc":{"Gesch\u00e4tzte Lesezeit":"2\u00a0Minuten"},"schema":{"@context":"https:\/\/schema.org","@graph":[{"@type":"WebPage","@id":"https:\/\/thieme-compliance.com\/de\/datenschutzinfomationen\/","url":"https:\/\/thieme-compliance.com\/de\/datenschutzinfomationen\/","name":"Datenschutzinfomationen - Thieme Compliance","isPartOf":{"@id":"https:\/\/thieme-compliance.com\/de\/#website"},"datePublished":"2026-04-02T09:24:39+00:00","dateModified":"2026-04-15T12:18:02+00:00","description":"Hier finden Sie die Datenschutzinformationen der Thieme Compliance GmbH","breadcrumb":{"@id":"https:\/\/thieme-compliance.com\/de\/datenschutzinfomationen\/#breadcrumb"},"inLanguage":"de","potentialAction":[{"@type":"ReadAction","target":["https:\/\/thieme-compliance.com\/de\/datenschutzinfomationen\/"]}]},{"@type":"BreadcrumbList","@id":"https:\/\/thieme-compliance.com\/de\/datenschutzinfomationen\/#breadcrumb","itemListElement":[{"@type":"ListItem","position":1,"name":"Thieme Compliance","item":"https:\/\/thieme-compliance.com\/de\/"},{"@type":"ListItem","position":2,"name":"Datenschutzinfomationen"}]},{"@type":"WebSite","@id":"https:\/\/thieme-compliance.com\/de\/#website","url":"https:\/\/thieme-compliance.com\/de\/","name":"Thieme Compliance","description":"","publisher":{"@id":"https:\/\/thieme-compliance.com\/de\/#organization"},"potentialAction":[{"@type":"SearchAction","target":{"@type":"EntryPoint","urlTemplate":"https:\/\/thieme-compliance.com\/de\/?s={search_term_string}"},"query-input":{"@type":"PropertyValueSpecification","valueRequired":true,"valueName":"search_term_string"}}],"inLanguage":"de"},{"@type":"Organization","@id":"https:\/\/thieme-compliance.com\/de\/#organization","name":"Thieme Compliance","url":"https:\/\/thieme-compliance.com\/de\/","logo":{"@type":"ImageObject","inLanguage":"de","@id":"https:\/\/thieme-compliance.com\/de\/#\/schema\/logo\/image\/","url":"https:\/\/thieme-compliance.com\/wp-content\/uploads\/2026\/01\/Logo-Thieme-Compliance.svg","contentUrl":"https:\/\/thieme-compliance.com\/wp-content\/uploads\/2026\/01\/Logo-Thieme-Compliance.svg","width":1,"height":1,"caption":"Thieme Compliance"},"image":{"@id":"https:\/\/thieme-compliance.com\/de\/#\/schema\/logo\/image\/"},"sameAs":["https:\/\/www.facebook.com\/thiemecompliance\/","https:\/\/www.linkedin.com\/company\/thieme-_compliance-gmbh\/","https:\/\/www.xing.com\/pages\/thiemegruppe","https:\/\/www.youtube.com\/user\/ThiemeCompliance"]}]}},"_links":{"self":[{"href":"https:\/\/thieme-compliance.com\/de\/wp-json\/wp\/v2\/pages\/1056","targetHints":{"allow":["GET"]}}],"collection":[{"href":"https:\/\/thieme-compliance.com\/de\/wp-json\/wp\/v2\/pages"}],"about":[{"href":"https:\/\/thieme-compliance.com\/de\/wp-json\/wp\/v2\/types\/page"}],"author":[{"embeddable":true,"href":"https:\/\/thieme-compliance.com\/de\/wp-json\/wp\/v2\/users\/8"}],"replies":[{"embeddable":true,"href":"https:\/\/thieme-compliance.com\/de\/wp-json\/wp\/v2\/comments?post=1056"}],"version-history":[{"count":3,"href":"https:\/\/thieme-compliance.com\/de\/wp-json\/wp\/v2\/pages\/1056\/revisions"}],"predecessor-version":[{"id":1567,"href":"https:\/\/thieme-compliance.com\/de\/wp-json\/wp\/v2\/pages\/1056\/revisions\/1567"}],"wp:attachment":[{"href":"https:\/\/thieme-compliance.com\/de\/wp-json\/wp\/v2\/media?parent=1056"}],"curies":[{"name":"wp","href":"https:\/\/api.w.org\/{rel}","templated":true}]}}